{"id":13,"date":"2018-05-24T11:30:24","date_gmt":"2018-05-24T11:30:24","guid":{"rendered":"http:\/\/holzbau-brunke.de\/?page_id=13"},"modified":"2021-11-16T18:06:33","modified_gmt":"2021-11-16T18:06:33","slug":"die-firma","status":"publish","type":"page","link":"https:\/\/brunke-holzbau.de\/","title":{"rendered":"Die Firma"},"content":{"rendered":"\n<p>De Zufriedenheit unserer Kunden macht uns stark<\/p>\n\n\n\n<div class=\"wp-block-image\"><figure class=\"alignleft\"><img loading=\"lazy\" width=\"300\" height=\"192\" src=\"https:\/\/brunke-holzbau.de\/wp-content\/uploads\/2018\/05\/brunkeluftbild300-300x192.jpg\" alt=\"\" class=\"wp-image-62\" srcset=\"https:\/\/brunke-holzbau.de\/wp-content\/uploads\/2018\/05\/brunkeluftbild300-300x192.jpg 300w, https:\/\/brunke-holzbau.de\/wp-content\/uploads\/2018\/05\/brunkeluftbild300.jpg 749w\" sizes=\"(max-width: 300px) 100vw, 300px\" \/><\/figure><\/div>\n\n\n\n<p>Wir sind ein traditionsreicher l\u00e4ndlicher Familienbetrieb der seit nachweislich drei Jahrhunderten das Zimmermannshandwerk betreibt. Das wird auch durch Urkunden des Kirchenneubaus belegt, in denen die Zimmerarbeiten vom Zimmermeisters Hans Brunke erw\u00e4hnt werden. Heinrich Brunke, der den Betrieb Ende des 19. Jahrhunderts von seinem Vater Heinrich Brunke senior \u00fcbernahm, sprach&nbsp; bereits am 21. September 1860 als Geselle beim Richtfest der sogenannten \u201cCharlottenburg\u201d in Wallmoden f\u00fcr die \u201cgn\u00e4digen Fr\u00e4uleins Charlotte von Wallmoden\u201d einen Richtspruch, der im nieders\u00e4chsischen Staatsarchiv als historisches Dokument erhalten ist.<\/p>\n\n\n\n<div class=\"wp-block-image\"><figure class=\"alignleft\"><img loading=\"lazy\" width=\"272\" height=\"155\" src=\"https:\/\/brunke-holzbau.de\/wp-content\/uploads\/2018\/05\/Mitarbeiter_tn.jpg\" alt=\"\" class=\"wp-image-64\"\/><\/figure><\/div>\n\n\n\n<p>1911 \u00fcbergab Heinrich Brunke seinem Sohn Otto den Betrieb. Der zur Nachfolge vorgesehene Sohn Heinrich kehrte aus dem 2. Weltkrieg nicht zur\u00fcck. Sein Bruder Werner Brunke senior wurde deswegen vom Vater verpflichtet, den Betrieb weiterzuf\u00fchren. Daf\u00fcr absolvierte er 1947 den Lehrabschlu\u00df und 1950 die Pr\u00fcfung zum Bauingenieur und \u00fcbernahm im gleichem Jahr das Familienunternehmen. Das S\u00e4gewerk wurde 1958 gebaut. Im Jahre 1976 erfolgte ein gro\u00dfer Hallenneubau, der den Maschinenraum und die Abbundhalle umfa\u00dfte.<\/p>\n\n\n\n<p>Heute sind in der Zimmerei 6 Gesellen, 1 Lehrling und 2 S\u00e4gewerker im eigenem S\u00e4gewerk besch\u00e4ftigt. Geleitet wird der Betrieb von Zimmermeister Werner Brunke junior.<\/p>\n\n\n\n<div class=\"wp-block-image wp-image-63 size-full\"><figure class=\"alignleft\"><img loading=\"lazy\" width=\"150\" height=\"227\" src=\"https:\/\/brunke-holzbau.de\/wp-content\/uploads\/2018\/05\/FotoWB001.jpg\" alt=\"\" class=\"wp-image-63\"\/><figcaption>Zimmermeister Werner Brunke<\/figcaption><\/figure><\/div>\n\n\n\n<p><span style=\"font-family: Verdana,Tahoma,Arial,Helvetica,Sans-serif,sans-serif;\">&nbsp;<\/span><\/p>\n","protected":false},"excerpt":{"rendered":"<p>De Zufriedenheit unserer Kunden macht uns stark Wir sind ein traditionsreicher l\u00e4ndlicher Familienbetrieb der seit nachweislich drei Jahrhunderten das Zimmermannshandwerk betreibt. Das wird auch durch Urkunden des Kirchenneubaus belegt, in denen die Zimmerarbeiten vom Zimmermeisters Hans Brunke erw\u00e4hnt werden. Heinrich Brunke, der den Betrieb Ende des 19. Jahrhunderts von seinem Vater Heinrich Brunke senior \u00fcbernahm, &hellip; <\/p>\n<p class=\"link-more\"><a href=\"https:\/\/brunke-holzbau.de\/\" class=\"more-link\"><span class=\"screen-reader-text\">\u201eDie Firma\u201c<\/span> weiterlesen<\/a><\/p>\n","protected":false},"author":1,"featured_media":0,"parent":0,"menu_order":0,"comment_status":"closed","ping_status":"closed","template":"","meta":[],"_links":{"self":[{"href":"https:\/\/brunke-holzbau.de\/index.php?rest_route=\/wp\/v2\/pages\/13"}],"collection":[{"href":"https:\/\/brunke-holzbau.de\/index.php?rest_route=\/wp\/v2\/pages"}],"about":[{"href":"https:\/\/brunke-holzbau.de\/index.php?rest_route=\/wp\/v2\/types\/page"}],"author":[{"embeddable":true,"href":"https:\/\/brunke-holzbau.de\/index.php?rest_route=\/wp\/v2\/users\/1"}],"replies":[{"embeddable":true,"href":"https:\/\/brunke-holzbau.de\/index.php?rest_route=%2Fwp%2Fv2%2Fcomments&post=13"}],"version-history":[{"count":7,"href":"https:\/\/brunke-holzbau.de\/index.php?rest_route=\/wp\/v2\/pages\/13\/revisions"}],"predecessor-version":[{"id":111,"href":"https:\/\/brunke-holzbau.de\/index.php?rest_route=\/wp\/v2\/pages\/13\/revisions\/111"}],"wp:attachment":[{"href":"https:\/\/brunke-holzbau.de\/index.php?rest_route=%2Fwp%2Fv2%2Fmedia&parent=13"}],"curies":[{"name":"wp","href":"https:\/\/api.w.org\/{rel}","templated":true}]}}